{"id":285,"date":"2023-06-28T04:19:58","date_gmt":"2023-06-28T04:19:58","guid":{"rendered":"https:\/\/aklamax.com\/?page_id=285"},"modified":"2024-08-12T15:36:07","modified_gmt":"2024-08-12T15:36:07","slug":"about","status":"publish","type":"page","link":"https:\/\/aklamax.com\/de\/about\/","title":{"rendered":"\u00dcber Uns"},"content":{"rendered":"<div data-elementor-type=\"wp-page\" data-elementor-id=\"285\" class=\"elementor elementor-285\" data-elementor-post-type=\"page\">\n\t\t\t\t\t\t\t<div class=\"elementor-element elementor-element-3576eef e-con-full e-flex lakit-col-width-auto-no e-container e-root-container elementor-top-section e-con\" data-id=\"3576eef\" data-element_type=\"container\" data-settings=\"{&quot;content_width&quot;:&quot;full&quot;}\">\n\t\t\t\t<div class=\"elementor-element elementor-element-b9dd2ee elementor-widget__width-initial elementor-absolute elementor-widget elementor-widget-image\" data-id=\"b9dd2ee\" data-element_type=\"widget\" data-settings=\"{&quot;_position&quot;:&quot;absolute&quot;}\" data-widget_type=\"image.default\">\n\t\t\t\t<div class=\"elementor-widget-container\">\n\t\t\t<style>\/*! elementor - v3.15.0 - 09-08-2023 *\/\n.elementor-widget-image{text-align:center}.elementor-widget-image a{display:inline-block}.elementor-widget-image a img[src$=\".svg\"]{width:48px}.elementor-widget-image img{vertical-align:middle;display:inline-block}<\/style>\t\t\t\t\t\t\t\t\t\t\t\t<img loading=\"lazy\" decoding=\"async\" width=\"487\" height=\"1024\" src=\"https:\/\/aklamax.com\/wp-content\/uploads\/2023\/06\/Ellipse-2-487x1024.png\" class=\"attachment-large size-large wp-image-392\" alt=\"\" srcset=\"https:\/\/aklamax.com\/wp-content\/uploads\/2023\/06\/Ellipse-2-487x1024.png 487w, https:\/\/aklamax.com\/wp-content\/uploads\/2023\/06\/Ellipse-2-143x300.png 143w, https:\/\/aklamax.com\/wp-content\/uploads\/2023\/06\/Ellipse-2-731x1536.png 731w, https:\/\/aklamax.com\/wp-content\/uploads\/2023\/06\/Ellipse-2.png 741w\" sizes=\"auto, (max-width: 487px) 100vw, 487px\" \/>\t\t\t\t\t\t\t\t\t\t\t\t\t\t\t<\/div>\n\t\t\t\t<\/div>\n\t\t\t\t<div class=\"elementor-element elementor-element-fe7342e elementor-widget__width-initial elementor-absolute elementor-widget elementor-widget-image\" data-id=\"fe7342e\" data-element_type=\"widget\" data-settings=\"{&quot;_position&quot;:&quot;absolute&quot;}\" data-widget_type=\"image.default\">\n\t\t\t\t<div class=\"elementor-widget-container\">\n\t\t\t\t\t\t\t\t\t\t\t\t\t\t\t<img loading=\"lazy\" decoding=\"async\" width=\"482\" height=\"1024\" src=\"https:\/\/aklamax.com\/wp-content\/uploads\/2023\/06\/Ellipse-1-482x1024.png\" class=\"attachment-large size-large wp-image-393\" alt=\"\" srcset=\"https:\/\/aklamax.com\/wp-content\/uploads\/2023\/06\/Ellipse-1-482x1024.png 482w, https:\/\/aklamax.com\/wp-content\/uploads\/2023\/06\/Ellipse-1-141x300.png 141w, https:\/\/aklamax.com\/wp-content\/uploads\/2023\/06\/Ellipse-1-723x1536.png 723w, https:\/\/aklamax.com\/wp-content\/uploads\/2023\/06\/Ellipse-1.png 733w\" sizes=\"auto, (max-width: 482px) 100vw, 482px\" \/>\t\t\t\t\t\t\t\t\t\t\t\t\t\t\t<\/div>\n\t\t\t\t<\/div>\n\t\t\t\t<div class=\"elementor-element elementor-element-3f6fe0f elementor-absolute elementor-widget elementor-widget-image\" data-id=\"3f6fe0f\" data-element_type=\"widget\" data-settings=\"{&quot;_position&quot;:&quot;absolute&quot;}\" data-widget_type=\"image.default\">\n\t\t\t\t<div class=\"elementor-widget-container\">\n\t\t\t\t\t\t\t\t\t\t\t\t\t\t\t<img loading=\"lazy\" decoding=\"async\" width=\"800\" height=\"591\" src=\"https:\/\/aklamax.com\/wp-content\/uploads\/2023\/07\/mesh.svg\" class=\"attachment-large size-large wp-image-486\" alt=\"\" \/>\t\t\t\t\t\t\t\t\t\t\t\t\t\t\t<\/div>\n\t\t\t\t<\/div>\n\t\t\t\t<\/div>\n\t\t<div class=\"elementor-element elementor-element-7b3bfc9 e-flex e-con-boxed lakit-col-width-auto-no e-container e-root-container elementor-top-section e-con\" data-id=\"7b3bfc9\" data-element_type=\"container\" data-settings=\"{&quot;content_width&quot;:&quot;boxed&quot;}\">\n\t\t\t\t\t<div class=\"e-con-inner\">\n\t\t<div class=\"elementor-element elementor-element-e5073e7 e-con-full e-flex lakit-col-width-auto-no elementor-invisible e-container lakit-has-entrance-animation e-con\" data-id=\"e5073e7\" data-element_type=\"container\" data-settings=\"{&quot;content_width&quot;:&quot;full&quot;,&quot;animation&quot;:&quot;fadeInLeft&quot;}\">\n\t\t\t\t<div class=\"elementor-element elementor-element-7d9899c elementor-widget elementor-widget-heading\" data-id=\"7d9899c\" data-element_type=\"widget\" data-widget_type=\"heading.default\">\n\t\t\t\t<div class=\"elementor-widget-container\">\n\t\t\t<style>\/*! elementor - v3.15.0 - 09-08-2023 *\/\n.elementor-heading-title{padding:0;margin:0;line-height:1}.elementor-widget-heading .elementor-heading-title[class*=elementor-size-]>a{color:inherit;font-size:inherit;line-height:inherit}.elementor-widget-heading .elementor-heading-title.elementor-size-small{font-size:15px}.elementor-widget-heading .elementor-heading-title.elementor-size-medium{font-size:19px}.elementor-widget-heading .elementor-heading-title.elementor-size-large{font-size:29px}.elementor-widget-heading .elementor-heading-title.elementor-size-xl{font-size:39px}.elementor-widget-heading .elementor-heading-title.elementor-size-xxl{font-size:59px}<\/style><h3 class=\"elementor-heading-title elementor-size-default\">Unsere Vision<\/h3>\t\t<\/div>\n\t\t\t\t<\/div>\n\t\t\t\t<div class=\"elementor-element elementor-element-bfac484 elementor-widget elementor-widget-text-editor\" data-id=\"bfac484\" data-element_type=\"widget\" data-widget_type=\"text-editor.default\">\n\t\t\t\t<div class=\"elementor-widget-container\">\n\t\t\t<style>\/*! elementor - v3.15.0 - 09-08-2023 *\/\n.elementor-widget-text-editor.elementor-drop-cap-view-stacked .elementor-drop-cap{background-color:#69727d;color:#fff}.elementor-widget-text-editor.elementor-drop-cap-view-framed .elementor-drop-cap{color:#69727d;border:3px solid;background-color:transparent}.elementor-widget-text-editor:not(.elementor-drop-cap-view-default) .elementor-drop-cap{margin-top:8px}.elementor-widget-text-editor:not(.elementor-drop-cap-view-default) .elementor-drop-cap-letter{width:1em;height:1em}.elementor-widget-text-editor .elementor-drop-cap{float:left;text-align:center;line-height:1;font-size:50px}.elementor-widget-text-editor .elementor-drop-cap-letter{display:inline-block}<\/style>\t\t\t\t<p>Bei Aklamax streben wir danach, Unternehmen durch den durchdachten Einsatz von Technologie bei der Verbesserung ihrer Gesch\u00e4ftsabl\u00e4ufe zu unterst\u00fctzen. Wir sehen eine Zukunft vor uns, in der Unternehmen jeder Gr\u00f6\u00dfe die Kraft von Softwarefortschritten und Automatisierung nutzen, um ihre Betriebsabl\u00e4ufe zu optimieren. Unsere Vision ist es, diese Zukunft Realit\u00e4t werden zu lassen, indem wir L\u00f6sungen anbieten, die auf die spezifischen Bed\u00fcrfnisse und Ziele jedes einzelnen Unternehmens zugeschnitten sind. Wir m\u00f6chten als der bevorzugte Partner f\u00fcr Unternehmen bekannt sein, die ihre Prozesse und Effizienz durch intelligente, praxisnahe Anwendung von Technologie verbessern wollen.<\/p>\t\t\t\t\t\t<\/div>\n\t\t\t\t<\/div>\n\t\t\t\t<\/div>\n\t\t<div class=\"elementor-element elementor-element-5c35e13 e-con-full e-flex lakit-col-width-auto-no e-container e-con\" data-id=\"5c35e13\" data-element_type=\"container\" data-settings=\"{&quot;content_width&quot;:&quot;full&quot;}\">\n\t\t\t\t<\/div>\n\t\t<div class=\"elementor-element elementor-element-8792bcc e-con-full e-flex lakit-col-width-auto-no elementor-invisible e-container lakit-has-entrance-animation e-con\" data-id=\"8792bcc\" data-element_type=\"container\" data-settings=\"{&quot;content_width&quot;:&quot;full&quot;,&quot;animation&quot;:&quot;fadeInRight&quot;}\">\n\t\t\t\t<div class=\"elementor-element elementor-element-298c93e elementor-widget elementor-widget-image\" data-id=\"298c93e\" data-element_type=\"widget\" data-settings=\"{&quot;lakit_floating_fx&quot;:&quot;yes&quot;,&quot;lakit_floating_fx_scale_toggle&quot;:&quot;yes&quot;,&quot;lakit_floating_fx_scale_x&quot;:{&quot;unit&quot;:&quot;px&quot;,&quot;size&quot;:&quot;&quot;,&quot;sizes&quot;:{&quot;from&quot;:0.90000000000000002220446049250313080847263336181640625,&quot;to&quot;:1}},&quot;lakit_floating_fx_scale_y&quot;:{&quot;unit&quot;:&quot;px&quot;,&quot;size&quot;:&quot;&quot;,&quot;sizes&quot;:{&quot;from&quot;:0.90000000000000002220446049250313080847263336181640625,&quot;to&quot;:1}},&quot;lakit_floating_fx_scale_duration&quot;:{&quot;unit&quot;:&quot;px&quot;,&quot;size&quot;:2300,&quot;sizes&quot;:[]},&quot;lakit_floating_fx_scale_delay&quot;:{&quot;unit&quot;:&quot;px&quot;,&quot;size&quot;:&quot;&quot;,&quot;sizes&quot;:[]}}\" data-widget_type=\"image.default\">\n\t\t\t\t<div class=\"elementor-widget-container\">\n\t\t\t\t\t\t\t\t\t\t\t\t\t\t\t<img loading=\"lazy\" decoding=\"async\" width=\"486\" height=\"490\" src=\"https:\/\/aklamax.com\/wp-content\/uploads\/2023\/06\/amico-6.svg\" class=\"attachment-large size-large wp-image-347\" alt=\"\" \/>\t\t\t\t\t\t\t\t\t\t\t\t\t\t\t<\/div>\n\t\t\t\t<\/div>\n\t\t\t\t<\/div>\n\t\t\t\t\t<\/div>\n\t\t\t\t<\/div>\n\t\t<div class=\"elementor-element elementor-element-6faabd1 e-flex e-con-boxed lakit-col-width-auto-no e-container e-root-container elementor-top-section e-con\" data-id=\"6faabd1\" data-element_type=\"container\" data-settings=\"{&quot;content_width&quot;:&quot;boxed&quot;}\">\n\t\t\t\t\t<div class=\"e-con-inner\">\n\t\t<div class=\"elementor-element elementor-element-a150086 e-con-full e-flex lakit-col-width-auto-no elementor-invisible e-container lakit-has-entrance-animation e-con\" data-id=\"a150086\" data-element_type=\"container\" data-settings=\"{&quot;content_width&quot;:&quot;full&quot;,&quot;animation&quot;:&quot;fadeInLeft&quot;}\">\n\t\t\t\t<div class=\"elementor-element elementor-element-d58e643 elementor-widget elementor-widget-image\" data-id=\"d58e643\" data-element_type=\"widget\" data-settings=\"{&quot;lakit_floating_fx&quot;:&quot;yes&quot;,&quot;lakit_floating_fx_scale_toggle&quot;:&quot;yes&quot;,&quot;lakit_floating_fx_scale_x&quot;:{&quot;unit&quot;:&quot;px&quot;,&quot;size&quot;:&quot;&quot;,&quot;sizes&quot;:{&quot;from&quot;:0.90000000000000002220446049250313080847263336181640625,&quot;to&quot;:1}},&quot;lakit_floating_fx_scale_y&quot;:{&quot;unit&quot;:&quot;px&quot;,&quot;size&quot;:&quot;&quot;,&quot;sizes&quot;:{&quot;from&quot;:0.90000000000000002220446049250313080847263336181640625,&quot;to&quot;:1}},&quot;lakit_floating_fx_scale_duration&quot;:{&quot;unit&quot;:&quot;px&quot;,&quot;size&quot;:2300,&quot;sizes&quot;:[]},&quot;lakit_floating_fx_scale_delay&quot;:{&quot;unit&quot;:&quot;px&quot;,&quot;size&quot;:&quot;&quot;,&quot;sizes&quot;:[]}}\" data-widget_type=\"image.default\">\n\t\t\t\t<div class=\"elementor-widget-container\">\n\t\t\t\t\t\t\t\t\t\t\t\t\t\t\t<img loading=\"lazy\" decoding=\"async\" width=\"536\" height=\"567\" src=\"https:\/\/aklamax.com\/wp-content\/uploads\/2023\/06\/amico-7.svg\" class=\"attachment-large size-large wp-image-350\" alt=\"\" \/>\t\t\t\t\t\t\t\t\t\t\t\t\t\t\t<\/div>\n\t\t\t\t<\/div>\n\t\t\t\t<\/div>\n\t\t<div class=\"elementor-element elementor-element-eba3a93 e-con-full e-flex lakit-col-width-auto-no e-container e-con\" data-id=\"eba3a93\" data-element_type=\"container\" data-settings=\"{&quot;content_width&quot;:&quot;full&quot;}\">\n\t\t\t\t<\/div>\n\t\t<div class=\"elementor-element elementor-element-abbd672 e-con-full e-flex lakit-col-width-auto-no elementor-invisible e-container lakit-has-entrance-animation e-con\" data-id=\"abbd672\" data-element_type=\"container\" data-settings=\"{&quot;content_width&quot;:&quot;full&quot;,&quot;animation&quot;:&quot;fadeInRight&quot;}\">\n\t\t\t\t<div class=\"elementor-element elementor-element-393084f elementor-widget elementor-widget-heading\" data-id=\"393084f\" data-element_type=\"widget\" data-widget_type=\"heading.default\">\n\t\t\t\t<div class=\"elementor-widget-container\">\n\t\t\t<h3 class=\"elementor-heading-title elementor-size-default\">Unsere Werte<\/h3>\t\t<\/div>\n\t\t\t\t<\/div>\n\t\t\t\t<div class=\"elementor-element elementor-element-4f56c1b elementor-widget elementor-widget-text-editor\" data-id=\"4f56c1b\" data-element_type=\"widget\" data-widget_type=\"text-editor.default\">\n\t\t\t\t<div class=\"elementor-widget-container\">\n\t\t\t\t\t\t\t<p class=\"whitespace-pre-wrap break-words\">Wir glauben an eine werteorientierte Unternehmensf\u00fchrung. Unsere Arbeit wird von den folgenden grundlegenden Werten geleitet:<\/p><ol class=\"-mt-1 list-decimal space-y-2 pl-8\"><li class=\"whitespace-normal break-words\">Ehrlichkeit: Wir bieten geradlinige Beratung und transparente Kommunikation.<\/li><li class=\"whitespace-normal break-words\">Praxisn\u00e4he: Wir konzentrieren uns auf L\u00f6sungen, die in der realen Welt funktionieren, nicht nur in der Theorie.<\/li><li class=\"whitespace-normal break-words\">Kontinuierliche Verbesserung: Wir bilden uns stetig weiter, um mit n\u00fctzlichen technologischen Entwicklungen Schritt zu halten.<\/li><li class=\"whitespace-normal break-words\">Partnerschaft: Wir streben langfristige Beziehungen mit unseren Kunden an und unterst\u00fctzen ihren Erfolg.<\/li><li class=\"whitespace-normal break-words\">Qualit\u00e4t: Wir sind stolz darauf, zuverl\u00e4ssige L\u00f6sungen zu liefern, die sich im praktischen Einsatz bew\u00e4hren.<\/li><li class=\"whitespace-normal break-words\">Klarheit: Wir glauben daran, die Dinge so einfach und klar wie m\u00f6glich zu halten.<\/li><\/ol><p>\u00a0<\/p><p class=\"whitespace-pre-wrap break-words\">These values are rooted in our Christian faith and morals, which inform our business ethics and how we treat our clients and partners. We strive to operate with integrity, compassion, and a genuine desire to help others succeed.<\/p><p class=\"whitespace-pre-wrap break-words\">Our goal is to live out these values in our daily work, making decisions that benefit our clients and contribute positively to the business community.<\/p>\t\t\t\t\t\t<\/div>\n\t\t\t\t<\/div>\n\t\t\t\t<\/div>\n\t\t\t\t\t<\/div>\n\t\t\t\t<\/div>\n\t\t<div class=\"elementor-element elementor-element-adf9722 e-con-full e-flex lakit-col-width-auto-no e-container e-root-container elementor-top-section e-con\" data-id=\"adf9722\" data-element_type=\"container\" data-settings=\"{&quot;content_width&quot;:&quot;full&quot;}\">\n\t\t\t\t<div class=\"elementor-element elementor-element-72306d7 elementor-widget__width-initial elementor-absolute elementor-widget elementor-widget-image\" data-id=\"72306d7\" data-element_type=\"widget\" data-settings=\"{&quot;_position&quot;:&quot;absolute&quot;}\" data-widget_type=\"image.default\">\n\t\t\t\t<div class=\"elementor-widget-container\">\n\t\t\t\t\t\t\t\t\t\t\t\t\t\t\t<img loading=\"lazy\" decoding=\"async\" width=\"586\" height=\"1024\" src=\"https:\/\/aklamax.com\/wp-content\/uploads\/2023\/06\/Ellipse-27.svg\" class=\"attachment-large size-large wp-image-315\" alt=\"\" \/>\t\t\t\t\t\t\t\t\t\t\t\t\t\t\t<\/div>\n\t\t\t\t<\/div>\n\t\t\t\t<div class=\"elementor-element elementor-element-058545b elementor-widget__width-initial elementor-absolute e-transform elementor-widget elementor-widget-image\" data-id=\"058545b\" data-element_type=\"widget\" data-settings=\"{&quot;_position&quot;:&quot;absolute&quot;,&quot;_transform_translateY_effect&quot;:{&quot;unit&quot;:&quot;%&quot;,&quot;size&quot;:-50,&quot;sizes&quot;:[]},&quot;_transform_translateY_effect_tablet&quot;:{&quot;unit&quot;:&quot;%&quot;,&quot;size&quot;:&quot;&quot;,&quot;sizes&quot;:[]},&quot;_transform_translateY_effect_mobile&quot;:{&quot;unit&quot;:&quot;%&quot;,&quot;size&quot;:&quot;&quot;,&quot;sizes&quot;:[]},&quot;_transform_translateX_effect&quot;:{&quot;unit&quot;:&quot;px&quot;,&quot;size&quot;:&quot;&quot;,&quot;sizes&quot;:[]},&quot;_transform_translateX_effect_tablet&quot;:{&quot;unit&quot;:&quot;px&quot;,&quot;size&quot;:&quot;&quot;,&quot;sizes&quot;:[]},&quot;_transform_translateX_effect_mobile&quot;:{&quot;unit&quot;:&quot;px&quot;,&quot;size&quot;:&quot;&quot;,&quot;sizes&quot;:[]}}\" data-widget_type=\"image.default\">\n\t\t\t\t<div class=\"elementor-widget-container\">\n\t\t\t\t\t\t\t\t\t\t\t\t\t\t\t<img loading=\"lazy\" decoding=\"async\" width=\"599\" height=\"1024\" src=\"https:\/\/aklamax.com\/wp-content\/uploads\/2023\/06\/Ellipse-26.svg\" class=\"attachment-large size-large wp-image-311\" alt=\"\" \/>\t\t\t\t\t\t\t\t\t\t\t\t\t\t\t<\/div>\n\t\t\t\t<\/div>\n\t\t\t\t<\/div>\n\t\t<div class=\"elementor-element elementor-element-2e60d3a e-flex e-con-boxed lakit-col-width-auto-no e-container e-root-container elementor-top-section e-con\" data-id=\"2e60d3a\" data-element_type=\"container\" data-settings=\"{&quot;content_width&quot;:&quot;boxed&quot;}\">\n\t\t\t\t\t<div class=\"e-con-inner\">\n\t\t<div class=\"elementor-element elementor-element-152ca98 e-con-full e-flex lakit-col-width-auto-no elementor-invisible e-container lakit-has-entrance-animation e-con\" data-id=\"152ca98\" data-element_type=\"container\" data-settings=\"{&quot;content_width&quot;:&quot;full&quot;,&quot;animation&quot;:&quot;fadeInLeft&quot;}\">\n\t\t\t\t<div class=\"elementor-element elementor-element-d9f56bc elementor-widget elementor-widget-heading\" data-id=\"d9f56bc\" data-element_type=\"widget\" data-widget_type=\"heading.default\">\n\t\t\t\t<div class=\"elementor-widget-container\">\n\t\t\t<h3 class=\"elementor-heading-title elementor-size-default\">Unsere Ziele<\/h3>\t\t<\/div>\n\t\t\t\t<\/div>\n\t\t\t\t<div class=\"elementor-element elementor-element-701453b elementor-widget elementor-widget-text-editor\" data-id=\"701453b\" data-element_type=\"widget\" data-widget_type=\"text-editor.default\">\n\t\t\t\t<div class=\"elementor-widget-container\">\n\t\t\t\t\t\t\t<p class=\"whitespace-pre-wrap break-words\">Bei Aklamax haben wir uns klare Ziele f\u00fcr unsere Arbeit gesetzt:<\/p><ol class=\"-mt-1 list-decimal space-y-2 pl-8\"><li class=\"whitespace-normal break-words\">Bereitstellung praktischer Softwarel\u00f6sungen, die sich nahtlos in die bestehenden Arbeitsabl\u00e4ufe unserer Kunden einf\u00fcgen.<\/li><li class=\"whitespace-normal break-words\">Implementierung von Automatisierungen, die unseren Kunden Zeit und Ressourcen bei wiederkehrenden Aufgaben sparen.<\/li><li class=\"whitespace-normal break-words\">Angebot von klaren, umsetzbaren technischen Empfehlungen, um Kunden bei fundierten Entscheidungen zu unterst\u00fctzen.<\/li><li class=\"whitespace-normal break-words\">Aufbau langfristiger Kundenbeziehungen und Begleitung beim Unternehmenswachstum.<\/li><li class=\"whitespace-normal break-words\">Kontinuierliche Weiterentwicklung unserer F\u00e4higkeiten, um mit n\u00fctzlichen technologischen Fortschritten Schritt zu halten.<\/li><\/ol><div>\u00a0<\/div><p class=\"whitespace-pre-wrap break-words\">Wir messen unseren Erfolg an der Zufriedenheit unserer Kunden und den greifbaren Verbesserungen, die wir in ihren Betriebsabl\u00e4ufen erzielen. Unser Ziel ist es, ein verl\u00e4sslicher Partner zu sein, der konsequent effektive, pragmatische L\u00f6sungen f\u00fcr reale Gesch\u00e4ftsherausforderungen liefert.<\/p>\t\t\t\t\t\t<\/div>\n\t\t\t\t<\/div>\n\t\t\t\t<\/div>\n\t\t<div class=\"elementor-element elementor-element-aa0a5f5 e-con-full e-flex lakit-col-width-auto-no e-container e-con\" data-id=\"aa0a5f5\" data-element_type=\"container\" data-settings=\"{&quot;content_width&quot;:&quot;full&quot;}\">\n\t\t\t\t<\/div>\n\t\t<div class=\"elementor-element elementor-element-b2c0fad e-con-full e-flex lakit-col-width-auto-no elementor-invisible e-container lakit-has-entrance-animation e-con\" data-id=\"b2c0fad\" data-element_type=\"container\" data-settings=\"{&quot;content_width&quot;:&quot;full&quot;,&quot;animation&quot;:&quot;fadeInRight&quot;}\">\n\t\t\t\t<div class=\"elementor-element elementor-element-9295911 elementor-widget elementor-widget-image\" data-id=\"9295911\" data-element_type=\"widget\" data-settings=\"{&quot;lakit_floating_fx&quot;:&quot;yes&quot;,&quot;lakit_floating_fx_scale_toggle&quot;:&quot;yes&quot;,&quot;lakit_floating_fx_scale_x&quot;:{&quot;unit&quot;:&quot;px&quot;,&quot;size&quot;:&quot;&quot;,&quot;sizes&quot;:{&quot;from&quot;:0.90000000000000002220446049250313080847263336181640625,&quot;to&quot;:1}},&quot;lakit_floating_fx_scale_y&quot;:{&quot;unit&quot;:&quot;px&quot;,&quot;size&quot;:&quot;&quot;,&quot;sizes&quot;:{&quot;from&quot;:0.90000000000000002220446049250313080847263336181640625,&quot;to&quot;:1}},&quot;lakit_floating_fx_scale_duration&quot;:{&quot;unit&quot;:&quot;px&quot;,&quot;size&quot;:2300,&quot;sizes&quot;:[]},&quot;lakit_floating_fx_scale_delay&quot;:{&quot;unit&quot;:&quot;px&quot;,&quot;size&quot;:&quot;&quot;,&quot;sizes&quot;:[]}}\" data-widget_type=\"image.default\">\n\t\t\t\t<div class=\"elementor-widget-container\">\n\t\t\t\t\t\t\t\t\t\t\t\t\t\t\t<img loading=\"lazy\" decoding=\"async\" width=\"533\" height=\"587\" src=\"https:\/\/aklamax.com\/wp-content\/uploads\/2023\/06\/amico-8.svg\" class=\"attachment-large size-large wp-image-351\" alt=\"\" \/>\t\t\t\t\t\t\t\t\t\t\t\t\t\t\t<\/div>\n\t\t\t\t<\/div>\n\t\t\t\t<\/div>\n\t\t\t\t\t<\/div>\n\t\t\t\t<\/div>\n\t\t<div class=\"elementor-element elementor-element-dacc8dd e-con-full e-flex lakit-col-width-auto-no e-container e-root-container elementor-top-section e-con\" data-id=\"dacc8dd\" data-element_type=\"container\" data-settings=\"{&quot;content_width&quot;:&quot;full&quot;}\">\n\t\t\t\t<div class=\"elementor-element elementor-element-1ca1fa6 elementor-widget__width-initial elementor-absolute elementor-widget elementor-widget-image\" data-id=\"1ca1fa6\" data-element_type=\"widget\" data-settings=\"{&quot;_position&quot;:&quot;absolute&quot;}\" data-widget_type=\"image.default\">\n\t\t\t\t<div class=\"elementor-widget-container\">\n\t\t\t\t\t\t\t\t\t\t\t\t\t\t\t<img loading=\"lazy\" decoding=\"async\" width=\"586\" height=\"1024\" src=\"https:\/\/aklamax.com\/wp-content\/uploads\/2023\/06\/Ellipse-27.svg\" class=\"attachment-large size-large wp-image-315\" alt=\"\" \/>\t\t\t\t\t\t\t\t\t\t\t\t\t\t\t<\/div>\n\t\t\t\t<\/div>\n\t\t\t\t<\/div>\n\t\t\t\t\t\t\t<\/div>","protected":false},"excerpt":{"rendered":"<p>Our Vision At Aklamax, we aim to help businesses improve their operations through thoughtful use of technology. We envision a future where companies of all sizes harness the power of software advancements and automation to enhance their operations. Our vision is to make this future a reality by providing solutions that are tailored to each [&hellip;]<\/p>","protected":false},"author":1,"featured_media":0,"parent":0,"menu_order":0,"comment_status":"closed","ping_status":"closed","template":"elementor_header_footer","meta":{"footnotes":""},"class_list":["post-285","page","type-page","status-publish","hentry"],"_links":{"self":[{"href":"https:\/\/aklamax.com\/de\/wp-json\/wp\/v2\/pages\/285","targetHints":{"allow":["GET"]}}],"collection":[{"href":"https:\/\/aklamax.com\/de\/wp-json\/wp\/v2\/pages"}],"about":[{"href":"https:\/\/aklamax.com\/de\/wp-json\/wp\/v2\/types\/page"}],"author":[{"embeddable":true,"href":"https:\/\/aklamax.com\/de\/wp-json\/wp\/v2\/users\/1"}],"replies":[{"embeddable":true,"href":"https:\/\/aklamax.com\/de\/wp-json\/wp\/v2\/comments?post=285"}],"version-history":[{"count":37,"href":"https:\/\/aklamax.com\/de\/wp-json\/wp\/v2\/pages\/285\/revisions"}],"predecessor-version":[{"id":689,"href":"https:\/\/aklamax.com\/de\/wp-json\/wp\/v2\/pages\/285\/revisions\/689"}],"wp:attachment":[{"href":"https:\/\/aklamax.com\/de\/wp-json\/wp\/v2\/media?parent=285"}],"curies":[{"name":"wp","href":"https:\/\/api.w.org\/{rel}","templated":true}]}}